{"id":59,"date":"2023-09-15T20:00:18","date_gmt":"2023-09-15T20:00:18","guid":{"rendered":"https:\/\/courtspadel.com\/?page_id=59"},"modified":"2024-04-08T23:08:26","modified_gmt":"2024-04-08T21:08:26","slug":"elite-padel-court","status":"publish","type":"page","link":"https:\/\/padelmaster.pa\/index.php\/elite-padel-court\/","title":{"rendered":"Elite"},"content":{"rendered":"<section class=\"wpb-content-wrapper\"><p>[vc_row full_width=&#8221;stretch_row&#8221; gap=&#8221;10&#8243; css=&#8221;.vc_custom_1693686006100{margin-top: -55px !important;background-position: center !important;background-repeat: no-repeat !important;background-size: cover !important;border-radius: 2px !important;}&#8221;][vc_column]\n\t\t\t<!-- START elite fondo grande REVOLUTION SLIDER 6.6.16 --><p class=\"rs-p-wp-fix\"><\/p>\n\t\t\t<rs-module-wrap id=\"rev_slider_2_1_wrapper\" data-source=\"gallery\" style=\"visibility:hidden;background:transparent;padding:0;margin:0px auto;margin-top:0;margin-bottom:0;\">\n\t\t\t\t<rs-module id=\"rev_slider_2_1\" style=\"\" data-version=\"6.6.16\">\n\t\t\t\t\t<rs-slides style=\"overflow: hidden; position: absolute;\">\n\t\t\t\t\t\t<rs-slide style=\"position: absolute;\" data-key=\"rs-2\" data-title=\"Slide\" data-in=\"o:0;\" data-out=\"a:false;\">\n\t\t\t\t\t\t\t<img decoding=\"async\" src=\"\/\/padelmaster.pa\/wp-content\/plugins\/revslider\/public\/assets\/assets\/dummy.png\" alt=\"\" title=\"Elite\" class=\"rev-slidebg tp-rs-img rs-lazyload\" data-lazyload=\"\/\/padelmaster.pa\/wp-content\/plugins\/revslider\/public\/assets\/assets\/transparent.png\" data-no-retina>\n\t\t\t\t\t\t\t<rs-bgvideo \n\t\t\t\t\t\t\t\tdata-video=\"vc:none;w:100%;h:100%;nse:false;l:true;ptimer:false;\"\n\t\t\t\t\t\t\t\tdata-vimeoid=\"859973160\"\n\t\t\t\t\t\t\t\tdata-vatr=\"background=1&amp;title=0&amp;byline=0&amp;portrait=0&amp;api=1\"\n\t\t\t\t\t\t\t><\/rs-bgvideo>\n<!---->\t\t\t\t\t\t<\/rs-slide>\n\t\t\t\t\t<\/rs-slides>\n\t\t\t\t<\/rs-module>\n\t\t\t\t<script>\n\t\t\t\t\tsetREVStartSize({c: 'rev_slider_2_1',rl:[1240,1024,778,480],el:[900],gw:[1240],gh:[900],type:'standard',justify:'',layout:'fullwidth',mh:\"0\"});if (window.RS_MODULES!==undefined && window.RS_MODULES.modules!==undefined && window.RS_MODULES.modules[\"revslider21\"]!==undefined) {window.RS_MODULES.modules[\"revslider21\"].once = false;window.revapi2 = undefined;if (window.RS_MODULES.checkMinimal!==undefined) window.RS_MODULES.checkMinimal()}\n\t\t\t\t<\/script>\n\t\t\t<\/rs-module-wrap>\n\t\t\t<!-- END REVOLUTION SLIDER -->\n[\/vc_column][\/vc_row][vc_row full_width=&#8221;stretch_row&#8221; css=&#8221;.vc_custom_1684533439295{background-color: #f9f9f9 !important;}&#8221;][vc_column width=&#8221;1\/2&#8243;][vc_empty_space][vc_column_text el_class=&#8221;texto&#8221;]<\/p>\n<h4><span style=\"color: #000000;\">CANCHA DE PADEL PANORAMIC\u00a0<\/span><\/h4>\n<p>[\/vc_column_text][vc_single_image image=&#8221;142&#8243; img_size=&#8221;full&#8221;][vc_empty_space][vc_column_text el_class=&#8221;texto&#8221;]<\/p>\n<ul>\n<li><span class=\"color_14\">8 marcos en los costados de 3000x2000mm en acero galvanizado S235JR de 80&#215;40 y perfiles interiores horizontales de acero galvanizado de 50x5mm revestidos con malla de acero galvanizado electrosoldado de 50x50x4 mm. La estructura de dichos marcos se fija al suelo mediante pernos de expansi\u00f3n sobre bases de 10 mm de espesor.<\/span><\/li>\n<li><span class=\"color_14\">4 cercos para cancelas en tramo de puerta en m\u00f3dulos de 3000&#215;100 mm en perfil de 60&#215;40 de acero galvanizado S235JR y revestidos con malla electrosoldada galvanizada de 50x50x4mm. La estructura se ancla en marcos con placas de 10 mm.<\/span><\/li>\n<li><span class=\"color_14\">2 m\u00f3dulos de 2000x800mm en perfil galvanizado de 80&#215;40 recubiertos con malla electrosoldada de 50x50x4mm galvanizada para el tramo superior de los dos accesos a la pista de p\u00e1del.<\/span><\/li>\n<li><span class=\"color_14\">Aro superior del carril para sujeci\u00f3n de vasos de 12 mm compuesto por perfil de acero galvanizado S235JR de 150x50x3mm.<\/span><\/li>\n<li><span class=\"color_14\">30 metros lineales de perfil estructural galvanizado de 80x40x2mm para la fijaci\u00f3n inferior del cristal de la pista de p\u00e1del.<\/span><\/li>\n<li><span class=\"color_14\">4 pilares esquineros en perfil tubular o circular de acero galvanizado S235JR de 2 pulgadas en 4 milimetros de espesor. La estructura se ancla sobre placas de 10 mm mediante pernos de anclaje.<\/span><\/li>\n<li><span class=\"color_14\">4 pilares de luminarias farolas de 6 metros de altura en perfil galvanizado de 150x50x3 mm.<\/span><\/li>\n<li><span class=\"color_14\">Nuestra pista cumple con toda la normativa relacionada con el p\u00e1del, calidad, certificaciones y complementos para el ejercicio profesional del p\u00e1del.<\/span><\/li>\n<\/ul>\n<p>[\/vc_column_text][vc_empty_space][\/vc_column][vc_column width=&#8221;1\/2&#8243;][vc_empty_space][vc_column_text el_class=&#8221;texto&#8221;]<\/p>\n<h4><span style=\"color: #000000;\">ESPECIFICACIONES<\/span><\/h4>\n<p>[\/vc_column_text][vc_single_image image=&#8221;53&#8243; img_size=&#8221;full&#8221;][vc_empty_space][vc_column_text el_class=&#8221;texto&#8221;]<\/p>\n<h6><span style=\"color: #000000;\">CRISTALES<\/span><\/h6>\n<ul>\n<li><span class=\"color_14\">18 piezas de paneles de cristal templado de 12mm de espesor, que cumplen con la normativa de la Federaci\u00f3n Internacional de P\u00e1del.<br \/>\n<\/span><\/li>\n<\/ul>\n<p>[\/vc_column_text][vc_column_text el_class=&#8221;texto&#8221;]<\/p>\n<h6><span style=\"color: #000000;\">CESPED<\/span><\/h6>\n<ul>\n<li><span class=\"color_14\">C\u00e9sped artificial de competici\u00f3n texturizado de 12mm de altura de \u00faltima generaci\u00f3n (9000dtex).<\/span><\/li>\n<\/ul>\n<ul>\n<li><span class=\"color_14\">Arena de s\u00edlice con granulometr\u00eda seg\u00fan normas internacionales, mailer y adhesivo de dos componentes.<\/span><\/li>\n<\/ul>\n<p>[\/vc_column_text][vc_column_text el_class=&#8221;texto&#8221;]<\/p>\n<h6><span style=\"color: #000000;\">TERMINACIONES<\/span><\/h6>\n<ul>\n<li><span class=\"color_14\">Todas nuestras canchas de lujo est\u00e1n galvanizadas en zinc caliente y posteriormente son repintadas con pintura en polvo y tratadas en hornos de pintura.<\/span><\/li>\n<\/ul>\n<p>[\/vc_column_text][vc_column_text el_class=&#8221;texto&#8221;]<\/p>\n<h6><span style=\"color: #000000;\">TORNILLERIA<\/span><\/h6>\n<ul>\n<li><span class=\"color_14\">Todos los tornillos y accesorios de nuestras pistas est\u00e1n fabricados en acero inoxidable. Adem\u00e1s, nuestras piezas est\u00e1n recubiertas con fundas pl\u00e1sticas adicionales.<\/span><\/li>\n<\/ul>\n<p>[\/vc_column_text][vc_column_text el_class=&#8221;texto&#8221;]<\/p>\n<h6><span style=\"color: #000000;\">ILUMINACION<\/span><\/h6>\n<ul>\n<li>\u00a0Nuestro carril \u00fanico utiliza 12 luces LED de 150 vatios para iluminaci\u00f3n.<br \/>\nMiner\u00eda profesional y de \u00faltima generaci\u00f3n en ahorro, iluminaci\u00f3n, calidad y homogeneidad de la luz.<\/li>\n<\/ul>\n<p>[\/vc_column_text][\/vc_column][\/vc_row][vc_row full_width=&#8221;stretch_row&#8221; css=&#8221;.vc_custom_1701796321967{background-color: #def8f8 !important;}&#8221;][vc_column][vc_single_image image=&#8221;432&#8243; img_size=&#8221;full&#8221; alignment=&#8221;center&#8221;][\/vc_column][\/vc_row]<\/p>\n<\/section>","protected":false},"excerpt":{"rendered":"<p>[vc_row full_width=&#8221;stretch_row&#8221; gap=&#8221;10&#8243; css=&#8221;.vc_custom_1693686006100{margin-top: -55px !important;background-position: center !important;background-repeat: no-repeat !important;background-size: cover !important;border-radius: 2px !important;}&#8221;][vc_column][\/vc_column][\/vc_row][vc_row full_width=&#8221;stretch_row&#8221; css=&#8221;.vc_custom_1684533439295{background-color: #f9f9f9 !important;}&#8221;][vc_column width=&#8221;1\/2&#8243;][vc_empty_space][vc_column_text el_class=&#8221;texto&#8221;] CANCHA DE PADEL PANORAMIC\u00a0 [\/vc_column_text][vc_single_image image=&#8221;142&#8243; img_size=&#8221;full&#8221;][vc_empty_space][vc_column_text el_class=&#8221;texto&#8221;] 8 marcos en los costados de 3000x2000mm en acero galvanizado S235JR de 80&#215;40 y perfiles interiores horizontales de acero galvanizado de 50x5mm revestidos con malla de acero [&hellip;]<\/p>\n","protected":false},"author":1,"featured_media":0,"parent":0,"menu_order":0,"comment_status":"closed","ping_status":"closed","template":"","meta":{"footnotes":""},"yoast_head":"<!-- This site is optimized with the Yoast SEO plugin v23.2 - https:\/\/yoast.com\/wordpress\/plugins\/seo\/ -->\n<title>Elite - Venta instalacion, fabricaci\u00f3n canchas de Padel Panama y Centroamerica<\/title>\n<meta name=\"robots\" content=\"index, follow, max-snippet:-1, max-image-preview:large, max-video-preview:-1\" \/>\n<link rel=\"canonical\" href=\"https:\/\/padelmaster.pa\/index.php\/elite-padel-court\/\" \/>\n<meta property=\"og:locale\" content=\"en_US\" \/>\n<meta property=\"og:type\" content=\"article\" \/>\n<meta property=\"og:title\" content=\"Elite - Venta instalacion, fabricaci\u00f3n canchas de Padel Panama y Centroamerica\" \/>\n<meta property=\"og:description\" content=\"[vc_row full_width=&#8221;stretch_row&#8221; gap=&#8221;10&#8243; css=&#8221;.vc_custom_1693686006100{margin-top: -55px !important;background-position: center !important;background-repeat: no-repeat !important;background-size: cover !important;border-radius: 2px !important;}&#8221;][vc_column][\/vc_column][\/vc_row][vc_row full_width=&#8221;stretch_row&#8221; css=&#8221;.vc_custom_1684533439295{background-color: #f9f9f9 !important;}&#8221;][vc_column width=&#8221;1\/2&#8243;][vc_empty_space][vc_column_text el_class=&#8221;texto&#8221;] CANCHA DE PADEL PANORAMIC\u00a0 [\/vc_column_text][vc_single_image image=&#8221;142&#8243; img_size=&#8221;full&#8221;][vc_empty_space][vc_column_text el_class=&#8221;texto&#8221;] 8 marcos en los costados de 3000x2000mm en acero galvanizado S235JR de 80&#215;40 y perfiles interiores horizontales de acero galvanizado de 50x5mm revestidos con malla de acero [&hellip;]\" \/>\n<meta property=\"og:url\" content=\"https:\/\/padelmaster.pa\/index.php\/elite-padel-court\/\" \/>\n<meta property=\"og:site_name\" content=\"Venta instalacion, fabricaci\u00f3n canchas de Padel Panama y Centroamerica\" \/>\n<meta property=\"article:modified_time\" content=\"2024-04-08T21:08:26+00:00\" \/>\n<meta name=\"twitter:card\" content=\"summary_large_image\" \/>\n<meta name=\"twitter:label1\" content=\"Est. reading time\" \/>\n\t<meta name=\"twitter:data1\" content=\"3 minutes\" \/>\n<script type=\"application\/ld+json\" class=\"yoast-schema-graph\">{\"@context\":\"https:\/\/schema.org\",\"@graph\":[{\"@type\":\"WebPage\",\"@id\":\"https:\/\/padelmaster.pa\/index.php\/elite-padel-court\/\",\"url\":\"https:\/\/padelmaster.pa\/index.php\/elite-padel-court\/\",\"name\":\"Elite - Venta instalacion, fabricaci\u00f3n canchas de Padel Panama y Centroamerica\",\"isPartOf\":{\"@id\":\"https:\/\/padelmaster.pa\/#website\"},\"datePublished\":\"2023-09-15T20:00:18+00:00\",\"dateModified\":\"2024-04-08T21:08:26+00:00\",\"breadcrumb\":{\"@id\":\"https:\/\/padelmaster.pa\/index.php\/elite-padel-court\/#breadcrumb\"},\"inLanguage\":\"en-US\",\"potentialAction\":[{\"@type\":\"ReadAction\",\"target\":[\"https:\/\/padelmaster.pa\/index.php\/elite-padel-court\/\"]}]},{\"@type\":\"BreadcrumbList\",\"@id\":\"https:\/\/padelmaster.pa\/index.php\/elite-padel-court\/#breadcrumb\",\"itemListElement\":[{\"@type\":\"ListItem\",\"position\":1,\"name\":\"Portada\",\"item\":\"https:\/\/padelmaster.pa\/\"},{\"@type\":\"ListItem\",\"position\":2,\"name\":\"Elite\"}]},{\"@type\":\"WebSite\",\"@id\":\"https:\/\/padelmaster.pa\/#website\",\"url\":\"https:\/\/padelmaster.pa\/\",\"name\":\"Venta instalacion, fabricaci\u00f3n canchas de Padel Panama y Centroamerica\",\"description\":\" fabricacion canchas  de Padel Panama\",\"potentialAction\":[{\"@type\":\"SearchAction\",\"target\":{\"@type\":\"EntryPoint\",\"urlTemplate\":\"https:\/\/padelmaster.pa\/?s={search_term_string}\"},\"query-input\":\"required name=search_term_string\"}],\"inLanguage\":\"en-US\"}]}<\/script>\n<!-- \/ Yoast SEO plugin. -->","yoast_head_json":{"title":"Elite - Venta instalacion, fabricaci\u00f3n canchas de Padel Panama y Centroamerica","robots":{"index":"index","follow":"follow","max-snippet":"max-snippet:-1","max-image-preview":"max-image-preview:large","max-video-preview":"max-video-preview:-1"},"canonical":"https:\/\/padelmaster.pa\/index.php\/elite-padel-court\/","og_locale":"en_US","og_type":"article","og_title":"Elite - Venta instalacion, fabricaci\u00f3n canchas de Padel Panama y Centroamerica","og_description":"[vc_row full_width=&#8221;stretch_row&#8221; gap=&#8221;10&#8243; css=&#8221;.vc_custom_1693686006100{margin-top: -55px !important;background-position: center !important;background-repeat: no-repeat !important;background-size: cover !important;border-radius: 2px !important;}&#8221;][vc_column][\/vc_column][\/vc_row][vc_row full_width=&#8221;stretch_row&#8221; css=&#8221;.vc_custom_1684533439295{background-color: #f9f9f9 !important;}&#8221;][vc_column width=&#8221;1\/2&#8243;][vc_empty_space][vc_column_text el_class=&#8221;texto&#8221;] CANCHA DE PADEL PANORAMIC\u00a0 [\/vc_column_text][vc_single_image image=&#8221;142&#8243; img_size=&#8221;full&#8221;][vc_empty_space][vc_column_text el_class=&#8221;texto&#8221;] 8 marcos en los costados de 3000x2000mm en acero galvanizado S235JR de 80&#215;40 y perfiles interiores horizontales de acero galvanizado de 50x5mm revestidos con malla de acero [&hellip;]","og_url":"https:\/\/padelmaster.pa\/index.php\/elite-padel-court\/","og_site_name":"Venta instalacion, fabricaci\u00f3n canchas de Padel Panama y Centroamerica","article_modified_time":"2024-04-08T21:08:26+00:00","twitter_card":"summary_large_image","twitter_misc":{"Est. reading time":"3 minutes"},"schema":{"@context":"https:\/\/schema.org","@graph":[{"@type":"WebPage","@id":"https:\/\/padelmaster.pa\/index.php\/elite-padel-court\/","url":"https:\/\/padelmaster.pa\/index.php\/elite-padel-court\/","name":"Elite - Venta instalacion, fabricaci\u00f3n canchas de Padel Panama y Centroamerica","isPartOf":{"@id":"https:\/\/padelmaster.pa\/#website"},"datePublished":"2023-09-15T20:00:18+00:00","dateModified":"2024-04-08T21:08:26+00:00","breadcrumb":{"@id":"https:\/\/padelmaster.pa\/index.php\/elite-padel-court\/#breadcrumb"},"inLanguage":"en-US","potentialAction":[{"@type":"ReadAction","target":["https:\/\/padelmaster.pa\/index.php\/elite-padel-court\/"]}]},{"@type":"BreadcrumbList","@id":"https:\/\/padelmaster.pa\/index.php\/elite-padel-court\/#breadcrumb","itemListElement":[{"@type":"ListItem","position":1,"name":"Portada","item":"https:\/\/padelmaster.pa\/"},{"@type":"ListItem","position":2,"name":"Elite"}]},{"@type":"WebSite","@id":"https:\/\/padelmaster.pa\/#website","url":"https:\/\/padelmaster.pa\/","name":"Venta instalacion, fabricaci\u00f3n canchas de Padel Panama y Centroamerica","description":" fabricacion canchas  de Padel Panama","potentialAction":[{"@type":"SearchAction","target":{"@type":"EntryPoint","urlTemplate":"https:\/\/padelmaster.pa\/?s={search_term_string}"},"query-input":"required name=search_term_string"}],"inLanguage":"en-US"}]}},"_links":{"self":[{"href":"https:\/\/padelmaster.pa\/index.php\/wp-json\/wp\/v2\/pages\/59"}],"collection":[{"href":"https:\/\/padelmaster.pa\/index.php\/wp-json\/wp\/v2\/pages"}],"about":[{"href":"https:\/\/padelmaster.pa\/index.php\/wp-json\/wp\/v2\/types\/page"}],"author":[{"embeddable":true,"href":"https:\/\/padelmaster.pa\/index.php\/wp-json\/wp\/v2\/users\/1"}],"replies":[{"embeddable":true,"href":"https:\/\/padelmaster.pa\/index.php\/wp-json\/wp\/v2\/comments?post=59"}],"version-history":[{"count":1,"href":"https:\/\/padelmaster.pa\/index.php\/wp-json\/wp\/v2\/pages\/59\/revisions"}],"predecessor-version":[{"id":467,"href":"https:\/\/padelmaster.pa\/index.php\/wp-json\/wp\/v2\/pages\/59\/revisions\/467"}],"wp:attachment":[{"href":"https:\/\/padelmaster.pa\/index.php\/wp-json\/wp\/v2\/media?parent=59"}],"curies":[{"name":"wp","href":"https:\/\/api.w.org\/{rel}","templated":true}]}}