{"id":47,"date":"2023-09-15T19:46:13","date_gmt":"2023-09-15T19:46:13","guid":{"rendered":"https:\/\/courtspadel.com\/?page_id=47"},"modified":"2024-04-08T23:06:38","modified_gmt":"2024-04-08T21:06:38","slug":"venta-canchas-de-padel-panama","status":"publish","type":"page","link":"https:\/\/padelmaster.pa\/index.php\/venta-canchas-de-padel-panama\/","title":{"rendered":"Venta canchas de padel"},"content":{"rendered":"<section class=\"wpb-content-wrapper\"><p>[vc_row full_width=&#8221;stretch_row_content&#8221;][vc_column][vc_empty_space height=&#8221;16&#8243;][\/vc_column][\/vc_row][vc_row full_width=&#8221;stretch_row_content_no_spaces&#8221; gap=&#8221;0&#8243; el_class=&#8221;layout-middle&#8221; css=&#8221;.vc_custom_1684440691281{margin-top: -50px !important;}&#8221;][vc_column width=&#8221;1\/2&#8243;][vc_single_image image=&#8221;52&#8243; img_size=&#8221;full&#8221; alignment=&#8221;right&#8221; onclick=&#8221;custom_link&#8221; link=&#8221;https:\/\/padelmaster.pa\/index.php\/panoramic-cancha-de-padel\/&#8221;][\/vc_column][vc_column width=&#8221;1\/2&#8243; css=&#8221;.vc_custom_1690420774984{padding-top: 30px !important;padding-right: 30px !important;padding-bottom: 30px !important;padding-left: 30px !important;}&#8221;][vc_column_text el_class=&#8221;fix-width-right&#8221;]<\/p>\n<h2 class=\"h1 font-family-body font-bold\" style=\"text-align: right;\"><span style=\"color: #000000;\">PRO PANORAMIC<\/span><\/h2>\n<p style=\"text-align: right; padding-top: 10px;\">La cancha de p\u00e1del m\u00e1s utilizada para todo tipo de usos, por ser un modelo muy robusto y un dise\u00f1o de lujo impecable.<\/p>\n<p style=\"text-align: right;\"><a href=\"https:\/\/padelmaster.pa\/index.php\/panoramic-cancha-de-padel\/\">ver mas<\/a><\/p>\n<p>[\/vc_column_text][\/vc_column][\/vc_row][vc_row full_width=&#8221;stretch_row_content_no_spaces&#8221; gap=&#8221;0&#8243; el_class=&#8221;layout-middle&#8221;][vc_column width=&#8221;1\/2&#8243; css=&#8221;.vc_custom_1690420794248{padding-top: 30px !important;padding-right: 30px !important;padding-bottom: 30px !important;padding-left: 30px !important;}&#8221;][vc_column_text el_class=&#8221;fix-width-left&#8221;]<\/p>\n<h2 class=\"h1 font-family-body font-bold\" style=\"text-align: left;\"><span style=\"color: #000000;\">PRO ELITE<\/span><\/h2>\n<p style=\"text-align: left; padding-top: 10px;\">Cancha de lujo utilizada para clubes de mayor rendimiento y para competici\u00f3n por su amplia visi\u00f3n. Incorpora un perfil circular en sus esquinas para darle un aspecto m\u00e1s robusto y panor\u00e1mico.<\/p>\n<p><a href=\"https:\/\/padelmaster.pa\/index.php\/elite-padel-court\/\">ver mas<\/a>[\/vc_column_text][\/vc_column][vc_column width=&#8221;1\/2&#8243;][vc_single_image image=&#8221;53&#8243; img_size=&#8221;full&#8221; onclick=&#8221;custom_link&#8221; link=&#8221;https:\/\/padelmaster.pa\/index.php\/elite-padel-court\/&#8221;][\/vc_column][\/vc_row][vc_row full_width=&#8221;stretch_row_content_no_spaces&#8221; gap=&#8221;0&#8243; el_class=&#8221;layout-middle&#8221;][vc_column width=&#8221;1\/2&#8243;][vc_single_image image=&#8221;54&#8243; img_size=&#8221;full&#8221; alignment=&#8221;right&#8221; onclick=&#8221;custom_link&#8221; link=&#8221;https:\/\/padelmaster.pa\/index.php\/full-vision-panoramic-court\/&#8221;][\/vc_column][vc_column width=&#8221;1\/2&#8243; css=&#8221;.vc_custom_1690420801130{padding-top: 30px !important;padding-right: 30px !important;padding-bottom: 30px !important;padding-left: 30px !important;}&#8221;][vc_column_text el_class=&#8221;fix-width-right&#8221;]<\/p>\n<h2 class=\"h1 font-family-body font-bold\" style=\"text-align: right;\"><span style=\"color: #000000;\">FULL VISION<\/span><\/h2>\n<p style=\"text-align: right; padding-top: 10px;\">Cancha panor\u00e1mica de lujo utilizada ampliamente para competencias y clubes profesionales por su amplia vista del juego fuera de la cancha.<\/p>\n<p style=\"text-align: right;\"><a href=\"https:\/\/padelmaster.pa\/index.php\/full-vision-panoramic-court\/\">ver mas<\/a><\/p>\n<p>[\/vc_column_text][\/vc_column][\/vc_row][vc_row][vc_column][vc_empty_space][\/vc_column][\/vc_row]<\/p>\n<\/section>","protected":false},"excerpt":{"rendered":"<p>[vc_row full_width=&#8221;stretch_row_content&#8221;][vc_column][vc_empty_space height=&#8221;16&#8243;][\/vc_column][\/vc_row][vc_row full_width=&#8221;stretch_row_content_no_spaces&#8221; gap=&#8221;0&#8243; el_class=&#8221;layout-middle&#8221; css=&#8221;.vc_custom_1684440691281{margin-top: -50px !important;}&#8221;][vc_column width=&#8221;1\/2&#8243;][vc_single_image image=&#8221;52&#8243; img_size=&#8221;full&#8221; alignment=&#8221;right&#8221; onclick=&#8221;custom_link&#8221; link=&#8221;https:\/\/padelmaster.pa\/index.php\/panoramic-cancha-de-padel\/&#8221;][\/vc_column][vc_column width=&#8221;1\/2&#8243; css=&#8221;.vc_custom_1690420774984{padding-top: 30px !important;padding-right: 30px !important;padding-bottom: 30px !important;padding-left: 30px !important;}&#8221;][vc_column_text el_class=&#8221;fix-width-right&#8221;] PRO PANORAMIC La cancha de p\u00e1del m\u00e1s utilizada para todo tipo de usos, por ser un modelo muy robusto y un dise\u00f1o de lujo impecable. ver mas [\/vc_column_text][\/vc_column][\/vc_row][vc_row full_width=&#8221;stretch_row_content_no_spaces&#8221; [&hellip;]<\/p>\n","protected":false},"author":1,"featured_media":0,"parent":0,"menu_order":0,"comment_status":"closed","ping_status":"closed","template":"","meta":{"footnotes":""},"yoast_head":"<!-- This site is optimized with the Yoast SEO plugin v23.2 - https:\/\/yoast.com\/wordpress\/plugins\/seo\/ -->\n<title>Venta canchas de padel - Venta instalacion, fabricaci\u00f3n canchas de Padel Panama y Centroamerica<\/title>\n<meta name=\"robots\" content=\"index, follow, max-snippet:-1, max-image-preview:large, max-video-preview:-1\" \/>\n<link rel=\"canonical\" href=\"https:\/\/padelmaster.pa\/index.php\/venta-canchas-de-padel-panama\/\" \/>\n<meta property=\"og:locale\" content=\"en_US\" \/>\n<meta property=\"og:type\" content=\"article\" \/>\n<meta property=\"og:title\" content=\"Venta canchas de padel - Venta instalacion, fabricaci\u00f3n canchas de Padel Panama y Centroamerica\" \/>\n<meta property=\"og:description\" content=\"[vc_row full_width=&#8221;stretch_row_content&#8221;][vc_column][vc_empty_space height=&#8221;16&#8243;][\/vc_column][\/vc_row][vc_row full_width=&#8221;stretch_row_content_no_spaces&#8221; gap=&#8221;0&#8243; el_class=&#8221;layout-middle&#8221; css=&#8221;.vc_custom_1684440691281{margin-top: -50px !important;}&#8221;][vc_column width=&#8221;1\/2&#8243;][vc_single_image image=&#8221;52&#8243; img_size=&#8221;full&#8221; alignment=&#8221;right&#8221; onclick=&#8221;custom_link&#8221; link=&#8221;https:\/\/padelmaster.pa\/index.php\/panoramic-cancha-de-padel\/&#8221;][\/vc_column][vc_column width=&#8221;1\/2&#8243; css=&#8221;.vc_custom_1690420774984{padding-top: 30px !important;padding-right: 30px !important;padding-bottom: 30px !important;padding-left: 30px !important;}&#8221;][vc_column_text el_class=&#8221;fix-width-right&#8221;] PRO PANORAMIC La cancha de p\u00e1del m\u00e1s utilizada para todo tipo de usos, por ser un modelo muy robusto y un dise\u00f1o de lujo impecable. ver mas [\/vc_column_text][\/vc_column][\/vc_row][vc_row full_width=&#8221;stretch_row_content_no_spaces&#8221; [&hellip;]\" \/>\n<meta property=\"og:url\" content=\"https:\/\/padelmaster.pa\/index.php\/venta-canchas-de-padel-panama\/\" \/>\n<meta property=\"og:site_name\" content=\"Venta instalacion, fabricaci\u00f3n canchas de Padel Panama y Centroamerica\" \/>\n<meta property=\"article:modified_time\" content=\"2024-04-08T21:06:38+00:00\" \/>\n<meta name=\"twitter:card\" content=\"summary_large_image\" \/>\n<meta name=\"twitter:label1\" content=\"Est. reading time\" \/>\n\t<meta name=\"twitter:data1\" content=\"2 minutes\" \/>\n<script type=\"application\/ld+json\" class=\"yoast-schema-graph\">{\"@context\":\"https:\/\/schema.org\",\"@graph\":[{\"@type\":\"WebPage\",\"@id\":\"https:\/\/padelmaster.pa\/index.php\/venta-canchas-de-padel-panama\/\",\"url\":\"https:\/\/padelmaster.pa\/index.php\/venta-canchas-de-padel-panama\/\",\"name\":\"Venta canchas de padel - Venta instalacion, fabricaci\u00f3n canchas de Padel Panama y Centroamerica\",\"isPartOf\":{\"@id\":\"https:\/\/padelmaster.pa\/#website\"},\"datePublished\":\"2023-09-15T19:46:13+00:00\",\"dateModified\":\"2024-04-08T21:06:38+00:00\",\"breadcrumb\":{\"@id\":\"https:\/\/padelmaster.pa\/index.php\/venta-canchas-de-padel-panama\/#breadcrumb\"},\"inLanguage\":\"en-US\",\"potentialAction\":[{\"@type\":\"ReadAction\",\"target\":[\"https:\/\/padelmaster.pa\/index.php\/venta-canchas-de-padel-panama\/\"]}]},{\"@type\":\"BreadcrumbList\",\"@id\":\"https:\/\/padelmaster.pa\/index.php\/venta-canchas-de-padel-panama\/#breadcrumb\",\"itemListElement\":[{\"@type\":\"ListItem\",\"position\":1,\"name\":\"Portada\",\"item\":\"https:\/\/padelmaster.pa\/\"},{\"@type\":\"ListItem\",\"position\":2,\"name\":\"Venta canchas de padel\"}]},{\"@type\":\"WebSite\",\"@id\":\"https:\/\/padelmaster.pa\/#website\",\"url\":\"https:\/\/padelmaster.pa\/\",\"name\":\"Venta instalacion, fabricaci\u00f3n canchas de Padel Panama y Centroamerica\",\"description\":\" fabricacion canchas  de Padel Panama\",\"potentialAction\":[{\"@type\":\"SearchAction\",\"target\":{\"@type\":\"EntryPoint\",\"urlTemplate\":\"https:\/\/padelmaster.pa\/?s={search_term_string}\"},\"query-input\":\"required name=search_term_string\"}],\"inLanguage\":\"en-US\"}]}<\/script>\n<!-- \/ Yoast SEO plugin. -->","yoast_head_json":{"title":"Venta canchas de padel - Venta instalacion, fabricaci\u00f3n canchas de Padel Panama y Centroamerica","robots":{"index":"index","follow":"follow","max-snippet":"max-snippet:-1","max-image-preview":"max-image-preview:large","max-video-preview":"max-video-preview:-1"},"canonical":"https:\/\/padelmaster.pa\/index.php\/venta-canchas-de-padel-panama\/","og_locale":"en_US","og_type":"article","og_title":"Venta canchas de padel - Venta instalacion, fabricaci\u00f3n canchas de Padel Panama y Centroamerica","og_description":"[vc_row full_width=&#8221;stretch_row_content&#8221;][vc_column][vc_empty_space height=&#8221;16&#8243;][\/vc_column][\/vc_row][vc_row full_width=&#8221;stretch_row_content_no_spaces&#8221; gap=&#8221;0&#8243; el_class=&#8221;layout-middle&#8221; css=&#8221;.vc_custom_1684440691281{margin-top: -50px !important;}&#8221;][vc_column width=&#8221;1\/2&#8243;][vc_single_image image=&#8221;52&#8243; img_size=&#8221;full&#8221; alignment=&#8221;right&#8221; onclick=&#8221;custom_link&#8221; link=&#8221;https:\/\/padelmaster.pa\/index.php\/panoramic-cancha-de-padel\/&#8221;][\/vc_column][vc_column width=&#8221;1\/2&#8243; css=&#8221;.vc_custom_1690420774984{padding-top: 30px !important;padding-right: 30px !important;padding-bottom: 30px !important;padding-left: 30px !important;}&#8221;][vc_column_text el_class=&#8221;fix-width-right&#8221;] PRO PANORAMIC La cancha de p\u00e1del m\u00e1s utilizada para todo tipo de usos, por ser un modelo muy robusto y un dise\u00f1o de lujo impecable. ver mas [\/vc_column_text][\/vc_column][\/vc_row][vc_row full_width=&#8221;stretch_row_content_no_spaces&#8221; [&hellip;]","og_url":"https:\/\/padelmaster.pa\/index.php\/venta-canchas-de-padel-panama\/","og_site_name":"Venta instalacion, fabricaci\u00f3n canchas de Padel Panama y Centroamerica","article_modified_time":"2024-04-08T21:06:38+00:00","twitter_card":"summary_large_image","twitter_misc":{"Est. reading time":"2 minutes"},"schema":{"@context":"https:\/\/schema.org","@graph":[{"@type":"WebPage","@id":"https:\/\/padelmaster.pa\/index.php\/venta-canchas-de-padel-panama\/","url":"https:\/\/padelmaster.pa\/index.php\/venta-canchas-de-padel-panama\/","name":"Venta canchas de padel - Venta instalacion, fabricaci\u00f3n canchas de Padel Panama y Centroamerica","isPartOf":{"@id":"https:\/\/padelmaster.pa\/#website"},"datePublished":"2023-09-15T19:46:13+00:00","dateModified":"2024-04-08T21:06:38+00:00","breadcrumb":{"@id":"https:\/\/padelmaster.pa\/index.php\/venta-canchas-de-padel-panama\/#breadcrumb"},"inLanguage":"en-US","potentialAction":[{"@type":"ReadAction","target":["https:\/\/padelmaster.pa\/index.php\/venta-canchas-de-padel-panama\/"]}]},{"@type":"BreadcrumbList","@id":"https:\/\/padelmaster.pa\/index.php\/venta-canchas-de-padel-panama\/#breadcrumb","itemListElement":[{"@type":"ListItem","position":1,"name":"Portada","item":"https:\/\/padelmaster.pa\/"},{"@type":"ListItem","position":2,"name":"Venta canchas de padel"}]},{"@type":"WebSite","@id":"https:\/\/padelmaster.pa\/#website","url":"https:\/\/padelmaster.pa\/","name":"Venta instalacion, fabricaci\u00f3n canchas de Padel Panama y Centroamerica","description":" fabricacion canchas  de Padel Panama","potentialAction":[{"@type":"SearchAction","target":{"@type":"EntryPoint","urlTemplate":"https:\/\/padelmaster.pa\/?s={search_term_string}"},"query-input":"required name=search_term_string"}],"inLanguage":"en-US"}]}},"_links":{"self":[{"href":"https:\/\/padelmaster.pa\/index.php\/wp-json\/wp\/v2\/pages\/47"}],"collection":[{"href":"https:\/\/padelmaster.pa\/index.php\/wp-json\/wp\/v2\/pages"}],"about":[{"href":"https:\/\/padelmaster.pa\/index.php\/wp-json\/wp\/v2\/types\/page"}],"author":[{"embeddable":true,"href":"https:\/\/padelmaster.pa\/index.php\/wp-json\/wp\/v2\/users\/1"}],"replies":[{"embeddable":true,"href":"https:\/\/padelmaster.pa\/index.php\/wp-json\/wp\/v2\/comments?post=47"}],"version-history":[{"count":3,"href":"https:\/\/padelmaster.pa\/index.php\/wp-json\/wp\/v2\/pages\/47\/revisions"}],"predecessor-version":[{"id":466,"href":"https:\/\/padelmaster.pa\/index.php\/wp-json\/wp\/v2\/pages\/47\/revisions\/466"}],"wp:attachment":[{"href":"https:\/\/padelmaster.pa\/index.php\/wp-json\/wp\/v2\/media?parent=47"}],"curies":[{"name":"wp","href":"https:\/\/api.w.org\/{rel}","templated":true}]}}