{"id":39,"date":"2023-09-15T17:13:34","date_gmt":"2023-09-15T17:13:34","guid":{"rendered":"https:\/\/courtspadel.com\/?page_id=39"},"modified":"2024-04-08T19:24:57","modified_gmt":"2024-04-08T17:24:57","slug":"fabricacion-canchas-de-padel-panama","status":"publish","type":"page","link":"https:\/\/padelmaster.pa\/index.php\/fabricacion-canchas-de-padel-panama\/","title":{"rendered":"Fabrica"},"content":{"rendered":"<section class=\"wpb-content-wrapper\"><p>[vc_row full_width=&#8221;stretch_row&#8221; css=&#8221;.vc_custom_1693506832868{margin-top: -50px !important;}&#8221;][vc_column][vc_empty_space][vc_row_inner][vc_column_inner][vc_raw_html]JTVCZGlzcGxheS1tYXAlMjBpZCUzRCUyNzQ1OSUyNyU1RCUwQQ==[\/vc_raw_html][\/vc_column_inner][\/vc_row_inner][vc_empty_space][\/vc_column][\/vc_row][vc_row][vc_column][vc_empty_space][\/vc_column][\/vc_row][vc_row css=&#8221;.vc_custom_1693020281646{margin-bottom: 20px !important;}&#8221;][vc_column width=&#8221;1\/4&#8243;][vc_column_text el_class=&#8221;tituloindex9&#8243;]<\/p>\n<h3>NUESTRAS CANCHAS EN EL MUNDO<\/h3>\n<p>[\/vc_column_text][\/vc_column][vc_column width=&#8221;3\/4&#8243;][vc_column_text]En los \u00faltimos a\u00f1os, nuestra empresa ha desarrollado proyectos de canchas de padel en Espa\u00f1a, Arabia, Kuwait, Doha, Dubai, Portugal, Francia, Suecia, Finlandia, Dinamarca, Malta, Chile, Colombia, Bolivia, Per\u00fa y Estados Unidos, entre otros.<\/p>\n<p>Somos una de las empresas con mayor presencia en el mundo, con un equipo multidisciplinario capaz de resolver inquietudes y entregas canchas de p\u00e1del en excelentes tiempos.[\/vc_column_text][\/vc_column][\/vc_row][vc_row full_width=&#8221;stretch_row&#8221; gap=&#8221;0&#8243; el_class=&#8221;group-milestone&#8221; css=&#8221;.vc_custom_1690547294162{margin-bottom: 0px !important;padding-top: 20px !important;padding-bottom: 20px !important;}&#8221;][vc_column width=&#8221;1\/4&#8243;]\t\t<div class=\"ts-milestone text-default style-1\" data-number=\"+1200\">\n\t\t\t<span class=\"number\">\n\t\t\t\t+1200\t\t\t<\/span>\n\t\t\t<h3 class=\"subject\">\n\t\t\t\tCANCHAS INSTALADAS\t\t\t<\/h3>\n\t\t<\/div>\n\t\t[\/vc_column][vc_column width=&#8221;1\/4&#8243;]\t\t<div class=\"ts-milestone text-default style-1\" data-number=\"12\">\n\t\t\t<span class=\"number\">\n\t\t\t\t12\t\t\t<\/span>\n\t\t\t<h3 class=\"subject\">\n\t\t\t\tPAISES\t\t\t<\/h3>\n\t\t<\/div>\n\t\t[\/vc_column][vc_column width=&#8221;1\/4&#8243;]\t\t<div class=\"ts-milestone text-default style-1\" data-number=\"3\">\n\t\t\t<span class=\"number\">\n\t\t\t\t3\t\t\t<\/span>\n\t\t\t<h3 class=\"subject\">\n\t\t\t\tCONTINENTES\t\t\t<\/h3>\n\t\t<\/div>\n\t\t[\/vc_column][vc_column width=&#8221;1\/4&#8243;]\t\t<div class=\"ts-milestone text-default style-1\" data-number=\"+300\">\n\t\t\t<span class=\"number\">\n\t\t\t\t+300\t\t\t<\/span>\n\t\t\t<h3 class=\"subject\">\n\t\t\t\tCLIENTES\t\t\t<\/h3>\n\t\t<\/div>\n\t\t[\/vc_column][\/vc_row][vc_row][vc_column width=&#8221;1\/2&#8243;][vc_empty_space][vc_column_text el_class=&#8221;tituloindex9&#8243;]<\/p>\n<h3>NUESTRO TRABAJO DE PADEL EN EL MUNDO<\/h3>\n<p>[\/vc_column_text][vc_column_text el_class=&#8221;parrafo&#8221;]Padel Courts Master somos una empresa experta con m\u00e1s de 10 a\u00f1os en venta y fabricaci\u00f3n de canchas de padel Mexico. Dedicamos nuestra experiencia en la fabricaci\u00f3n e instalaci\u00f3n de pistas de p\u00e1del de lujo en el mundo<\/p>\n<p>Nuestro \u00e9xito ha sido tan grande que en los \u00faltimos dos a\u00f1os hemos instalado m\u00e1s de 1200 canchas de padel. Si bien nuestro crecimiento ha sido muy grande, nunca hemos dejado de lado nuestro sello y la calidad en cada uno de nuestros trabajos.[\/vc_column_text][\/vc_column][vc_column width=&#8221;1\/2&#8243;][vc_empty_space][vc_column_text el_class=&#8221;tituloindex9&#8243;]<\/p>\n<h3>NUESTRA FABRICA DE CANCHAS DE PADEL<\/h3>\n<p>[\/vc_column_text][vc_column_text el_class=&#8221;parrafo&#8221;]Desde 2022 contamos con un equipo multidisciplinario de alrededor de 80 personas en Santiago de Chile. Adem\u00e1s, disponemos de un departamento de instalaciones de pistas y de postventa para la venta de pistas o pistas de p\u00e1del.<\/p>\n<p>Desde el 2022 hemos implementado una gigantesca innovaci\u00f3n tecnol\u00f3gica que nos permite estar a la vanguardia en tiempo, calidad y durabilidad. Contamos tambi\u00e9n con una planta de fabricac\u00ed\u00f3n de canchas de p\u00e1del de primer nivel en Valladolid, Espa\u00f1a.[\/vc_column_text][\/vc_column][\/vc_row][vc_row gap=&#8221;0&#8243; css=&#8221;.vc_custom_1690508807281{background-color: #f8f8f8 !important;}&#8221;][vc_column][vc_row_inner][vc_column_inner]\n\t\t\t<!-- START portada REVOLUTION SLIDER 6.6.16 --><p class=\"rs-p-wp-fix\"><\/p>\n\t\t\t<rs-module-wrap id=\"rev_slider_1_1_wrapper\" data-source=\"gallery\" style=\"visibility:hidden;background:#fafafa;padding:0;margin:0px auto;margin-top:0;margin-bottom:0;\">\n\t\t\t\t<rs-module id=\"rev_slider_1_1\" style=\"\" data-version=\"6.6.16\">\n\t\t\t\t\t<rs-slides style=\"overflow: hidden; position: absolute;\">\n\t\t\t\t\t\t<rs-slide style=\"position: absolute;\" data-key=\"rs-1\" data-title=\"Slide\" data-in=\"o:0;\" data-out=\"a:false;\">\n\t\t\t\t\t\t\t<img decoding=\"async\" src=\"\/\/padelmaster.pa\/wp-content\/plugins\/revslider\/public\/assets\/assets\/dummy.png\" alt=\"\" title=\"Fabrica\" class=\"rev-slidebg tp-rs-img rs-lazyload\" data-lazyload=\"\/\/padelmaster.pa\/wp-content\/plugins\/revslider\/public\/assets\/assets\/transparent.png\" data-parallax=\"off\" data-no-retina>\n\t\t\t\t\t\t\t<rs-bgvideo \n\t\t\t\t\t\t\t\tdata-video=\"vc:none;w:100%;h:100%;nse:false;l:true;ptimer:true;\"\n\t\t\t\t\t\t\t\tdata-vimeoid=\"852885612\"\n\t\t\t\t\t\t\t\tdata-vatr=\"background=1&amp;title=0&amp;byline=0&amp;portrait=0&amp;api=1\"\n\t\t\t\t\t\t\t><\/rs-bgvideo>\n<!---->\t\t\t\t\t\t<\/rs-slide>\n\t\t\t\t\t\t<rs-slide style=\"position: absolute;\" data-key=\"rs-11\" data-title=\"Slide\" data-in=\"o:0;\" data-out=\"a:false;\">\n\t\t\t\t\t\t\t<img decoding=\"async\" src=\"\/\/padelmaster.pa\/wp-content\/plugins\/revslider\/public\/assets\/assets\/dummy.png\" alt=\"\" title=\"Fabrica\" class=\"rev-slidebg tp-rs-img rs-lazyload\" data-lazyload=\"\/\/padelmaster.pa\/wp-content\/plugins\/revslider\/public\/assets\/assets\/transparent.png\" data-parallax=\"off\" data-no-retina>\n\t\t\t\t\t\t\t<rs-bgvideo \n\t\t\t\t\t\t\t\tdata-video=\"vc:none;w:100%;h:100%;nse:false;l:true;ptimer:true;\"\n\t\t\t\t\t\t\t\tdata-vimeoid=\"852885612\"\n\t\t\t\t\t\t\t\tdata-vatr=\"background=1&amp;title=0&amp;byline=0&amp;portrait=0&amp;api=1\"\n\t\t\t\t\t\t\t><\/rs-bgvideo>\n<!---->\t\t\t\t\t\t<\/rs-slide>\n\t\t\t\t\t<\/rs-slides>\n\t\t\t\t<\/rs-module>\n\t\t\t\t<script>\n\t\t\t\t\tsetREVStartSize({c: 'rev_slider_1_1',rl:[1240,1024,778,480],el:[430],gw:[875],gh:[430],type:'standard',justify:'',layout:'fullwidth',mh:\"270px\"});if (window.RS_MODULES!==undefined && window.RS_MODULES.modules!==undefined && window.RS_MODULES.modules[\"revslider11\"]!==undefined) {window.RS_MODULES.modules[\"revslider11\"].once = false;window.revapi1 = undefined;if (window.RS_MODULES.checkMinimal!==undefined) window.RS_MODULES.checkMinimal()}\n\t\t\t\t<\/script>\n\t\t\t<\/rs-module-wrap>\n\t\t\t<!-- END REVOLUTION SLIDER -->\n[\/vc_column_inner][\/vc_row_inner][vc_row_inner][vc_column_inner width=&#8221;1\/3&#8243;]\t<div class=\"ts-feature-wrapper bg-strong  vertical-icon-image\">\n\t\t<div class=\"feature-content\">\n\t\t\t\n\t\t\t\t\t\t<a target=\"_blank\" class=\"feature-icon\" href=\"javascript: void(0)\">\n\t\t\t\t\t\t\t<\/a>\n\t\t\t\t\t\t\n\t\t\t\t\t\t\n\t\t\t<div class=\"feature-header\">\n\t\t\n\t\t\t\t\t\t\t\t<h3 class=\"feature-title heading-title entry-title\">\n\t\t\t\t\t<a class=\"\" target=\"_blank\" href=\"javascript: void(0)\">DESARROLLO<\/a>\n\t\t\t\t<\/h3>\n\t\t\t\t\t\t\t\n\t\t\t\t\t\t\t\t<div class=\"feature-excerpt\">\n\t\t\t\t\tNuestras canchas de padel en M\u00e9xico cuentan con la mejor tecnolog\u00eda de montaje terminaciones, para entregar un producto que dure por muchos a\u00f1os m\u00e1s que las canchas de padel tradicionales.\t\t\t\t<\/div>\n\t\t\t\t\t\t\t\n\t\t\t\t\t\t\t<\/div>\n\t\t<\/div>\n\t<\/div>\n\t[\/vc_column_inner][vc_column_inner width=&#8221;1\/3&#8243;]\t<div class=\"ts-feature-wrapper   vertical-icon-image\">\n\t\t<div class=\"feature-content\">\n\t\t\t\n\t\t\t\t\t\t<a target=\"_blank\" class=\"feature-icon\" href=\"javascript: void(0)\">\n\t\t\t\t\t\t\t<\/a>\n\t\t\t\t\t\t\n\t\t\t\t\t\t\n\t\t\t<div class=\"feature-header\">\n\t\t\n\t\t\t\t\t\t\t\t<h3 class=\"feature-title heading-title entry-title\">\n\t\t\t\t\t<a class=\"\" target=\"_blank\" href=\"javascript: void(0)\">TECNOLOGIA<\/a>\n\t\t\t\t<\/h3>\n\t\t\t\t\t\t\t\n\t\t\t\t\t\t\t\t<div class=\"feature-excerpt\">\n\t\t\t\t\tA partir de 2023 adquirimos brazos rob\u00f3ticos, corte l\u00e1ser, 3d y hornos electrost\u00e1ticos nuevos, lo que nos ha permitido estar en la vanguardia de fabricaci\u00f3n de canchas de padel en el mundo.\t\t\t\t<\/div>\n\t\t\t\t\t\t\t\n\t\t\t\t\t\t\t<\/div>\n\t\t<\/div>\n\t<\/div>\n\t[\/vc_column_inner][vc_column_inner width=&#8221;1\/3&#8243;]\t<div class=\"ts-feature-wrapper bg-strong  vertical-icon-image\">\n\t\t<div class=\"feature-content\">\n\t\t\t\n\t\t\t\t\t\t<a target=\"_blank\" class=\"feature-icon\" href=\"javascript: void(0)\">\n\t\t\t\t\t\t\t<\/a>\n\t\t\t\t\t\t\n\t\t\t\t\t\t\n\t\t\t<div class=\"feature-header\">\n\t\t\n\t\t\t\t\t\t\t\t<h3 class=\"feature-title heading-title entry-title\">\n\t\t\t\t\t<a class=\"\" target=\"_blank\" href=\"javascript: void(0)\">NUESTRA PLANTA<\/a>\n\t\t\t\t<\/h3>\n\t\t\t\t\t\t\t\n\t\t\t\t\t\t\t\t<div class=\"feature-excerpt\">\n\t\t\t\t\tContamos con una planta de m\u00e1s de 80 personas con amplia experiencia en acero, para poder entregar un producto impresionante.\t\t\t\t<\/div>\n\t\t\t\t\t\t\t\n\t\t\t\t\t\t\t<\/div>\n\t\t<\/div>\n\t<\/div>\n\t[\/vc_column_inner][\/vc_row_inner][\/vc_column][\/vc_row]<\/p>\n<\/section>","protected":false},"excerpt":{"rendered":"<p>[vc_row full_width=&#8221;stretch_row&#8221; css=&#8221;.vc_custom_1693506832868{margin-top: -50px !important;}&#8221;][vc_column][vc_empty_space][vc_row_inner][vc_column_inner][vc_raw_html]JTVCZGlzcGxheS1tYXAlMjBpZCUzRCUyNzQ1OSUyNyU1RCUwQQ==[\/vc_raw_html][\/vc_column_inner][\/vc_row_inner][vc_empty_space][\/vc_column][\/vc_row][vc_row][vc_column][vc_empty_space][\/vc_column][\/vc_row][vc_row css=&#8221;.vc_custom_1693020281646{margin-bottom: 20px !important;}&#8221;][vc_column width=&#8221;1\/4&#8243;][vc_column_text el_class=&#8221;tituloindex9&#8243;] NUESTRAS CANCHAS EN EL MUNDO [\/vc_column_text][\/vc_column][vc_column width=&#8221;3\/4&#8243;][vc_column_text]En los \u00faltimos a\u00f1os, nuestra empresa ha desarrollado proyectos de canchas de padel en Espa\u00f1a, Arabia, Kuwait, Doha, Dubai, Portugal, Francia, Suecia, Finlandia, Dinamarca, Malta, Chile, Colombia, Bolivia, Per\u00fa y Estados Unidos, entre otros. Somos una de las empresas [&hellip;]<\/p>\n","protected":false},"author":1,"featured_media":0,"parent":0,"menu_order":0,"comment_status":"closed","ping_status":"closed","template":"","meta":{"footnotes":""},"yoast_head":"<!-- This site is optimized with the Yoast SEO plugin v23.2 - https:\/\/yoast.com\/wordpress\/plugins\/seo\/ -->\n<title>Fabrica - Venta instalacion, fabricaci\u00f3n canchas de Padel Panama y Centroamerica<\/title>\n<meta name=\"robots\" content=\"index, follow, max-snippet:-1, max-image-preview:large, max-video-preview:-1\" \/>\n<link rel=\"canonical\" href=\"https:\/\/padelmaster.pa\/index.php\/fabricacion-canchas-de-padel-panama\/\" \/>\n<meta property=\"og:locale\" content=\"en_US\" \/>\n<meta property=\"og:type\" content=\"article\" \/>\n<meta property=\"og:title\" content=\"Fabrica - Venta instalacion, fabricaci\u00f3n canchas de Padel Panama y Centroamerica\" \/>\n<meta property=\"og:description\" content=\"[vc_row full_width=&#8221;stretch_row&#8221; css=&#8221;.vc_custom_1693506832868{margin-top: -50px !important;}&#8221;][vc_column][vc_empty_space][vc_row_inner][vc_column_inner][vc_raw_html]JTVCZGlzcGxheS1tYXAlMjBpZCUzRCUyNzQ1OSUyNyU1RCUwQQ==[\/vc_raw_html][\/vc_column_inner][\/vc_row_inner][vc_empty_space][\/vc_column][\/vc_row][vc_row][vc_column][vc_empty_space][\/vc_column][\/vc_row][vc_row css=&#8221;.vc_custom_1693020281646{margin-bottom: 20px !important;}&#8221;][vc_column width=&#8221;1\/4&#8243;][vc_column_text el_class=&#8221;tituloindex9&#8243;] NUESTRAS CANCHAS EN EL MUNDO [\/vc_column_text][\/vc_column][vc_column width=&#8221;3\/4&#8243;][vc_column_text]En los \u00faltimos a\u00f1os, nuestra empresa ha desarrollado proyectos de canchas de padel en Espa\u00f1a, Arabia, Kuwait, Doha, Dubai, Portugal, Francia, Suecia, Finlandia, Dinamarca, Malta, Chile, Colombia, Bolivia, Per\u00fa y Estados Unidos, entre otros. Somos una de las empresas [&hellip;]\" \/>\n<meta property=\"og:url\" content=\"https:\/\/padelmaster.pa\/index.php\/fabricacion-canchas-de-padel-panama\/\" \/>\n<meta property=\"og:site_name\" content=\"Venta instalacion, fabricaci\u00f3n canchas de Padel Panama y Centroamerica\" \/>\n<meta property=\"article:modified_time\" content=\"2024-04-08T17:24:57+00:00\" \/>\n<meta name=\"twitter:card\" content=\"summary_large_image\" \/>\n<meta name=\"twitter:label1\" content=\"Est. reading time\" \/>\n\t<meta name=\"twitter:data1\" content=\"2 minutes\" \/>\n<script type=\"application\/ld+json\" class=\"yoast-schema-graph\">{\"@context\":\"https:\/\/schema.org\",\"@graph\":[{\"@type\":\"WebPage\",\"@id\":\"https:\/\/padelmaster.pa\/index.php\/fabricacion-canchas-de-padel-panama\/\",\"url\":\"https:\/\/padelmaster.pa\/index.php\/fabricacion-canchas-de-padel-panama\/\",\"name\":\"Fabrica - Venta instalacion, fabricaci\u00f3n canchas de Padel Panama y Centroamerica\",\"isPartOf\":{\"@id\":\"https:\/\/padelmaster.pa\/#website\"},\"datePublished\":\"2023-09-15T17:13:34+00:00\",\"dateModified\":\"2024-04-08T17:24:57+00:00\",\"breadcrumb\":{\"@id\":\"https:\/\/padelmaster.pa\/index.php\/fabricacion-canchas-de-padel-panama\/#breadcrumb\"},\"inLanguage\":\"en-US\",\"potentialAction\":[{\"@type\":\"ReadAction\",\"target\":[\"https:\/\/padelmaster.pa\/index.php\/fabricacion-canchas-de-padel-panama\/\"]}]},{\"@type\":\"BreadcrumbList\",\"@id\":\"https:\/\/padelmaster.pa\/index.php\/fabricacion-canchas-de-padel-panama\/#breadcrumb\",\"itemListElement\":[{\"@type\":\"ListItem\",\"position\":1,\"name\":\"Portada\",\"item\":\"https:\/\/padelmaster.pa\/\"},{\"@type\":\"ListItem\",\"position\":2,\"name\":\"Fabrica\"}]},{\"@type\":\"WebSite\",\"@id\":\"https:\/\/padelmaster.pa\/#website\",\"url\":\"https:\/\/padelmaster.pa\/\",\"name\":\"Venta instalacion, fabricaci\u00f3n canchas de Padel Panama y Centroamerica\",\"description\":\" fabricacion canchas  de Padel Panama\",\"potentialAction\":[{\"@type\":\"SearchAction\",\"target\":{\"@type\":\"EntryPoint\",\"urlTemplate\":\"https:\/\/padelmaster.pa\/?s={search_term_string}\"},\"query-input\":\"required name=search_term_string\"}],\"inLanguage\":\"en-US\"}]}<\/script>\n<!-- \/ Yoast SEO plugin. -->","yoast_head_json":{"title":"Fabrica - Venta instalacion, fabricaci\u00f3n canchas de Padel Panama y Centroamerica","robots":{"index":"index","follow":"follow","max-snippet":"max-snippet:-1","max-image-preview":"max-image-preview:large","max-video-preview":"max-video-preview:-1"},"canonical":"https:\/\/padelmaster.pa\/index.php\/fabricacion-canchas-de-padel-panama\/","og_locale":"en_US","og_type":"article","og_title":"Fabrica - Venta instalacion, fabricaci\u00f3n canchas de Padel Panama y Centroamerica","og_description":"[vc_row full_width=&#8221;stretch_row&#8221; css=&#8221;.vc_custom_1693506832868{margin-top: -50px !important;}&#8221;][vc_column][vc_empty_space][vc_row_inner][vc_column_inner][vc_raw_html]JTVCZGlzcGxheS1tYXAlMjBpZCUzRCUyNzQ1OSUyNyU1RCUwQQ==[\/vc_raw_html][\/vc_column_inner][\/vc_row_inner][vc_empty_space][\/vc_column][\/vc_row][vc_row][vc_column][vc_empty_space][\/vc_column][\/vc_row][vc_row css=&#8221;.vc_custom_1693020281646{margin-bottom: 20px !important;}&#8221;][vc_column width=&#8221;1\/4&#8243;][vc_column_text el_class=&#8221;tituloindex9&#8243;] NUESTRAS CANCHAS EN EL MUNDO [\/vc_column_text][\/vc_column][vc_column width=&#8221;3\/4&#8243;][vc_column_text]En los \u00faltimos a\u00f1os, nuestra empresa ha desarrollado proyectos de canchas de padel en Espa\u00f1a, Arabia, Kuwait, Doha, Dubai, Portugal, Francia, Suecia, Finlandia, Dinamarca, Malta, Chile, Colombia, Bolivia, Per\u00fa y Estados Unidos, entre otros. Somos una de las empresas [&hellip;]","og_url":"https:\/\/padelmaster.pa\/index.php\/fabricacion-canchas-de-padel-panama\/","og_site_name":"Venta instalacion, fabricaci\u00f3n canchas de Padel Panama y Centroamerica","article_modified_time":"2024-04-08T17:24:57+00:00","twitter_card":"summary_large_image","twitter_misc":{"Est. reading time":"2 minutes"},"schema":{"@context":"https:\/\/schema.org","@graph":[{"@type":"WebPage","@id":"https:\/\/padelmaster.pa\/index.php\/fabricacion-canchas-de-padel-panama\/","url":"https:\/\/padelmaster.pa\/index.php\/fabricacion-canchas-de-padel-panama\/","name":"Fabrica - Venta instalacion, fabricaci\u00f3n canchas de Padel Panama y Centroamerica","isPartOf":{"@id":"https:\/\/padelmaster.pa\/#website"},"datePublished":"2023-09-15T17:13:34+00:00","dateModified":"2024-04-08T17:24:57+00:00","breadcrumb":{"@id":"https:\/\/padelmaster.pa\/index.php\/fabricacion-canchas-de-padel-panama\/#breadcrumb"},"inLanguage":"en-US","potentialAction":[{"@type":"ReadAction","target":["https:\/\/padelmaster.pa\/index.php\/fabricacion-canchas-de-padel-panama\/"]}]},{"@type":"BreadcrumbList","@id":"https:\/\/padelmaster.pa\/index.php\/fabricacion-canchas-de-padel-panama\/#breadcrumb","itemListElement":[{"@type":"ListItem","position":1,"name":"Portada","item":"https:\/\/padelmaster.pa\/"},{"@type":"ListItem","position":2,"name":"Fabrica"}]},{"@type":"WebSite","@id":"https:\/\/padelmaster.pa\/#website","url":"https:\/\/padelmaster.pa\/","name":"Venta instalacion, fabricaci\u00f3n canchas de Padel Panama y Centroamerica","description":" fabricacion canchas  de Padel Panama","potentialAction":[{"@type":"SearchAction","target":{"@type":"EntryPoint","urlTemplate":"https:\/\/padelmaster.pa\/?s={search_term_string}"},"query-input":"required name=search_term_string"}],"inLanguage":"en-US"}]}},"_links":{"self":[{"href":"https:\/\/padelmaster.pa\/index.php\/wp-json\/wp\/v2\/pages\/39"}],"collection":[{"href":"https:\/\/padelmaster.pa\/index.php\/wp-json\/wp\/v2\/pages"}],"about":[{"href":"https:\/\/padelmaster.pa\/index.php\/wp-json\/wp\/v2\/types\/page"}],"author":[{"embeddable":true,"href":"https:\/\/padelmaster.pa\/index.php\/wp-json\/wp\/v2\/users\/1"}],"replies":[{"embeddable":true,"href":"https:\/\/padelmaster.pa\/index.php\/wp-json\/wp\/v2\/comments?post=39"}],"version-history":[{"count":5,"href":"https:\/\/padelmaster.pa\/index.php\/wp-json\/wp\/v2\/pages\/39\/revisions"}],"predecessor-version":[{"id":464,"href":"https:\/\/padelmaster.pa\/index.php\/wp-json\/wp\/v2\/pages\/39\/revisions\/464"}],"wp:attachment":[{"href":"https:\/\/padelmaster.pa\/index.php\/wp-json\/wp\/v2\/media?parent=39"}],"curies":[{"name":"wp","href":"https:\/\/api.w.org\/{rel}","templated":true}]}}